{"id":2867,"date":"2015-06-05T00:45:39","date_gmt":"2015-06-04T22:45:39","guid":{"rendered":"http:\/\/www.vandaomeopatici.it\/it\/?page_id=2867"},"modified":"2018-05-29T17:31:21","modified_gmt":"2018-05-29T15:31:21","slug":"cookie","status":"publish","type":"page","link":"https:\/\/www.vandaomeopatici.it\/it\/cookie\/","title":{"rendered":"Privacy Policy e Cookies"},"content":{"rendered":"<p><strong>Informativa sul trattamento dei dati personali <\/strong><\/p>\n<p>Vanda Omeopatici s.r.l., con sede in Via Solferino 10 \u00a0\u2013 00044 Frascati (RM), P.IVA 07591281006\u00a0(in seguito, \u2018Titolare\u2019), in qualit\u00e0 di titolare del trattamento, La informa ai sensi dell\u2019art.13D.lgs 30.06.2003 n. 196 (in seguito,\u2019Codice Privacy\u2019) e dell\u2019art 13 Regolamento UE n. 2016\/679 (in seguito \u2018GDPR\u2019) che i Suoi dati saranno trattati con le modalit\u00e0 e per le finalit\u00e0 a seguire.<\/p>\n<ol>\n<li><strong>Oggetto del trattamento<\/strong><\/li>\n<\/ol>\n<p>Il Titolare tratta i dati personali, identificativi e non sensibili (in particolare nome, cognome, codice fiscale, p.iva,\u00a0 email, numero telefonico \u2013 in seguito, \u2019dati personali\u2019 o anche dati) da Lei comunicati in relazione all\u2019instaurazione del rapporto.<\/p>\n<ol start=\"2\">\n<li><strong>Finalit\u00e0 del trattamento<\/strong><\/li>\n<\/ol>\n<p>I Suoi dati personali sono trattati:<\/p>\n<ol>\n<li>Senza il suo consenso espresso (art.24 lett. a), b), c) Codice Privacy e art.6 lett. b), e) GDPR), per le seguenti finalit\u00e0:<\/li>\n<\/ol>\n<ul>\n<li>esecuzione delle attivit\u00e0 istituzionali del Titolare;<\/li>\n<li>prevenire o scoprire attivit\u00e0 fraudolente o abusi dannosi per il sito web;<\/li>\n<li>esercitare i diritti del Titolare, ad esempio il diritto di difesa in giudizio;<\/li>\n<li>adempiere agli obblighi previsti dalla legge, da un regolamento, dalla normativa comunitaria o da un ordine dell\u2019Autorit\u00e0 (come ad esempio in materia di antiriciclaggio);<\/li>\n<\/ul>\n<ol>\n<li>Solo previo Suo specifico consenso (artt. 23 e130 Codice Privacy e art. 7 GDPR) per le seguenti finalit\u00e0:<\/li>\n<\/ol>\n<ul>\n<li>inviarLe via email, posta e\/o sms e\/o contatti telefonici, newsletter, materiale informativo sulle iniziative del Titolare.<\/li>\n<\/ul>\n<ol start=\"3\">\n<li><strong>Modalit\u00e0 di trattamento<\/strong><\/li>\n<\/ol>\n<p>Il trattamento dei Suoi dati personali \u00e8 realizzato per mezzo delle operazioni indicate all\u2019art. 4 Codice Privacy e del GDPR e precisamente: raccolta, registrazione, organizzazione, conservazione, consultazione, elaborazione, modificazione, selezione, estrazione, raffronto, utilizzo, interconnessione, blocco, comunicazione, cancellazione e distruzione dei dati. Le\u00a0informazioni personali raccolte tramite il presente sito vengono memorizzate e mantenute in strutture sicure che limitano l\u2019accesso esclusivamente al personale autorizzato, per il tempo necessario all\u2019erogazione dei servizi, delle consulenza o al disbrigo delle pratiche richieste per adempiere alle finalit\u00e0 di cui sopra e comunque per non oltre 10 anni .<\/p>\n<ol start=\"4\">\n<li><strong>Accesso ai dati<\/strong><\/li>\n<\/ol>\n<p>I Suoi dati potranno essere resi accessibili per le finalit\u00e0 di cui all\u2019art. 2.A) e 2.B):<\/p>\n<ul>\n<li>A dipendenti e collaboratori del Titolare, nella loro qualit\u00e0 di incaricati e\/o responsabili interni del trattamento e\/o amministratori di sistema;<\/li>\n<li>A societ\u00e0 terze (es. provider per la gestione e manutenzione del sito web, fornitori, istituti di credito, studi professionali, etc) che svolgono attivit\u00e0 di autosourcing per conto del Titolare, nella loro qualit\u00e0 di responsabili esterni del trattamento.<\/li>\n<\/ul>\n<ol start=\"5\">\n<li><strong>Comunicazione dei dati <\/strong><\/li>\n<\/ol>\n<p>Senza la necessit\u00e0 di un espresso consenso (ex art. 24 lett. a), b), d) Codice Privacy e art. 6 lett. b) e c) GDPR), il Titolare potr\u00e0 comunicare i Suoi dati per le finalit\u00e0 di cui all\u2019art. 2.A) a Organismi di vigilanza , Autorit\u00e0 giudiziarie nonch\u00e9 a\u00a0 quei soggetti ai quali la comunicazione sia obbligatoria per legge per l\u2019espletamento delle finalit\u00e0 dette. Detti soggetti\u00a0 tratteranno i dati nella loro qualit\u00e0 di autonomi titolari del trattamento.\u00a0 I Suoi dati non saranno diffusi.<\/p>\n<ol start=\"6\">\n<li><strong>Trasferimento dati<\/strong><\/li>\n<\/ol>\n<p>I dati personali sono conservati su server ubicati all\u2019interno dell\u2019Unione Europea. Resta in ogni caso inteso che il Titolare, ove si rendesse necessario, avr\u00e0 facolt\u00e0 di spostare i server anche extra-UE. In tal caso, il Titolare assicura sin d\u2019ora che il trasferimento dei dati extra-UE avverr\u00e0 in conformit\u00e0 alle disposizioni di legge applicabili, previa stipula delle clausole contrattuali standard previste dalla Commissione Europea.<\/p>\n<ol start=\"7\">\n<li><strong>Natura del conferimento dei dati e conseguenze del rifiuto di rispondere<\/strong><\/li>\n<\/ol>\n<p>Il conferimento dei dati per le finalit\u00e0 di cui all\u2019art. 2.A) \u00e8 obbligatorio. Il conferimento dei dati per le finalit\u00e0 di cui all\u2019art. 2.B) \u00e8 invece facoltativo. Pu\u00f2 quindi decidere di non conferire alcun dato o di negare successivamente la possibilit\u00e0 di trattare dati gi\u00e0 forniti: in tal caso, non potr\u00e0 ricevere newsletter, comunicazioni e materiale inerenti alle attivit\u00e0 del Titolare. Continuer\u00e0 comunque ad avere diritto ai Servizi di cui all\u2019art. 2.A).<\/p>\n<ol start=\"8\">\n<li><strong>Diritti dell\u2019interessato<\/strong><\/li>\n<\/ol>\n<p>Nella Sua qualit\u00e0 di interessato possiede i diritti enunciati dall\u2019art. 7 Codice Privacy e art.15 GDPR, di seguito riportati:<\/p>\n<ol>\n<li>L\u2019interessato ha diritto di ottenere la conferma dell\u2019esistenza o meno di dati personali che lo riguardano, anche se non ancora registrati, e la loro comunicazione in forma intelligibile.<\/li>\n<li>L\u2019interessato ha diritto di ottenere l\u2019indicazione: a) dell\u2019origine dei dati personali; b) delle finalit\u00e0 e modalit\u00e0 del trattamento; c) della logica applicata in caso di trattamento effettuato con l\u2019ausilio di strumenti elettronici; d) degli estremi identificativi del titolare, dei responsabili e del rappresentante designato ai sensi dell\u2019articolo 5, comma 2 Codice Privacy e art. 3, comma 1 , GDPR; ; e) dei soggetti o delle categorie di soggetti ai quali i dati personali possono essere comunicati o che possono venirne a conoscenza in qualit\u00e0 di rappresentante designato nel territorio dello Stato, di responsabili o incaricati.<\/li>\n<\/ol>\n<ul>\n<li>L\u2019interessato ha diritto di ottenere: a) l\u2019aggiornamento, la rettificazione ovvero, quando vi ha interesse, l\u2019integrazione dei dati; b) la cancellazione, la trasformazione in forma anonima o il blocco dei dati trattati in violazione di legge, compresi quelli di cui non \u00e8 necessaria la conservazione in relazione agli scopi per i quali i dati sono stati raccolti o successivamente trattati; c) l\u2019attestazione che le operazioni di cui alle lettere a) e b) sono state portate a conoscenza, anche per quanto riguarda il loro contenuto, di coloro ai quali i dati sono stati comunicati o diffusi, eccettuato il caso in cui tale adempimento si rivela impossibile o comporta un impiego di mezzi manifestamente sproporzionato rispetto al diritto tutelato.<\/li>\n<\/ul>\n<ol>\n<li>L\u2019interessato ha diritto di opporsi, in tutto o in parte: a) per motivi legittimi al trattamento dei dati personali che lo riguardano, ancorch\u00e9 pertinenti allo scopo della raccolta; b) al trattamento di dati personali che lo riguardano a fini di invio di materiale pubblicitario o di vendita diretta o per il compimento di ricerche di mercato o di comunicazione commerciale. Si fa presente che il diritto di opposizione dell\u2019interessato, esposto al precedente punto b), per finalit\u00e0 di marketing diretto mediante modalit\u00e0 automatizzate si estende a quelle tradizionali e che comunque resta salva la possibilit\u00e0 per l\u2019interessato di esercitare il diritto di opposizione anche solo in arte. Pertanto, l\u2019interessato pu\u00f2 decidere di ricevere solo comunicazioni mediante modalit\u00e0 tradizionali ovvero solo comunicazioni automatizzate oppure nessuna delle due tipologie di comunicazione. Ove applicabili, ha altres\u00ec i diritti di cui agli artt. 16-21 GDPR (Diritto di rettifica16-21 GDPR (Diritto di rettifica, diritto all\u2019oblio, diritto di limitazione di trattamento, diritto alla portabilit\u00e0 dei dati, diritto di opposizione), nonch\u00e9 il diritto di reclamo all\u2019Autorit\u00e0 Garante.<\/li>\n<\/ol>\n<ol start=\"9\">\n<li><strong>Modalit\u00e0 di esercizio dei diritti<\/strong><\/li>\n<\/ol>\n<p>Potr\u00e0 in qualsiasi momento esercitare i diritti inviando:<\/p>\n<p><strong>\u2013 una raccomandata a.r. a <\/strong>Vanda Omeopatici s.r.l., Via Solferino 10 \u00a0\u2013 00044 Frascati (RM)<\/p>\n<p><strong>\u2013 una e-mail all\u2019indirizzo:\u00a0<\/strong>info@vanda.it<\/p>\n<ol start=\"10\">\n<li><strong>Minori<\/strong><\/li>\n<\/ol>\n<p>Questo Sito e i Servizi del Titolare non sono destinati a minori di 18 anni e il Titolare non raccoglie intenzionalmente informazioni personali riferite ai minori. Nel caso in cui informazioni su minori fossero involontariamente registrate, il Titolare le canceller\u00e0 in modo tempestivo, su richiesta degli utenti.<\/p>\n<p><strong>11.Titolare, responsabile e incaricati<\/strong><\/p>\n<p>titolare del trattamento dei dati \u00e8:<\/p>\n<p>Vanda Omeopatici s.r.l., con sede in Via Solferino 10 \u00a0\u2013 00044 Frascati (RM), P.IVA 07591281006<br \/>\nTel. 06 92947891<br \/>\nPer informazioni scrivici a:\u00a0info@vanda.it<\/p>\n<p>L\u2019elenco aggiornato dei responsabili e degli incaricati al trattamento \u00e8 custodito presso la sede legale del Titolare del trattamento.<\/p>\n<p><strong>Dati di navigazione<\/strong><\/p>\n<p>I sistemi informatici e le procedure software preposte al funzionamento del presente sito acquisiscono, nel normale esercizio, alcuni dati di navigazione che vengono trasmessi implicitamente nell\u2019uso di protocolli di comunicazione internet. Si tratta di dati relativi al traffico telematico che per loro natura non sono immediatamente associabili ad interessati identificati, ma tramite elaborazioni o associazioni con dati detenuti da terzi potrebbero permettere di identificare gli utenti\/visitatori del sito (quali, ad esempio, indirizzi IP, tipo di browser e di sistema operativo utilizzato dell\u2019utente, orario di richiesta di accesso alle pagine web). Questi dati vengono utilizzati soltanto per informazioni statistiche anonime relative alle visite del sito o per verificare la corretta funzionalit\u00e0 dello stesso. Tali dati sono conservati per il periodo strettamente necessario e comunque in conformit\u00e0 alle vigenti disposizioni normative in materia.<\/p>\n<p><strong>Cookies<\/strong><\/p>\n<p><strong>Informazioni generali, disattivazione e gestione dei cookie<\/strong><\/p>\n<p>I cookie sono dati che vengono inviati dal sito web e memorizzati dal browser internet nel computer o in altro dispositivo (ad esempio, tablet o cellulare) dell\u2019utente. Potranno essere installati dal nostro dominio cookie tecnici e cookie di terze parti.<\/p>\n<p>Ad ogni modo, l\u2019utente potr\u00e0 gestire, ovvero richiedere la disattivazione generale o la cancellazione dei cookie, modificando le impostazioni del proprio browser internet. Tale disattivazione, per\u00f2, potr\u00e0 rallentare o impedire l\u2019accesso ad alcune parti del sito.<\/p>\n<p>Le impostazioni per gestire o disattivare i cookie possono variare a seconda del browser internet utilizzato, pertanto, per avere maggiori informazioni sulle modalit\u00e0 con le quali compiere tali operazioni, suggeriamo all\u2019Utente di consultare il manuale del proprio dispositivo o la funzione \u201cAiuto\u201d o \u201cHelp\u201d del proprio browser internet.<\/p>\n<p>Di seguito si indicano agli Utenti i link che spiegano come gestire o disabilitare i cookie per i browser internet pi\u00f9 diffusi:<\/p>\n<ul>\n<li>Internet Explorer: http:\/\/windows.microsoft.com\/it-IT\/internet-explorer\/delete-manage-cookies<\/li>\n<li>Google Chrome: https:\/\/support.google.com\/chrome\/answer\/95647<\/li>\n<li>Mozilla Firefox: http:\/\/support.mozilla.org\/it\/kb\/Gestione%20dei%20cookie<\/li>\n<li>Opera: http:\/\/help.opera.com\/Windows\/10.00\/it\/cookies.html<\/li>\n<li>Safari: https:\/\/support.apple.com\/kb\/PH19255<\/li>\n<\/ul>\n<p><strong>Cookie tecnici<\/strong><\/p>\n<p>L\u2019uso di cookie tecnici, ossia cookie necessari alla trasmissione di comunicazioni su rete di comunicazione elettronica ovvero cookie strettamente necessari al fornitore per erogare il servizio richiesto dal cliente, consente la fruizione sicura ed efficiente del nostro sito.<\/p>\n<p>Potranno essere installati cookie di sessione al fine di consentire l\u2019accesso e la permanenza nell\u2019area riservata del portale come utente autenticato.<\/p>\n<p>I cookie tecnici sono essenziali per il corretto funzionamento del nostro dominio e sono utilizzati per permettere agli utenti la normale navigazione e la possibilit\u00e0 di usufruire dei servizi avanzati disponibili sul nostro sito web. I cookie tecnici utilizzati si distinguono in cookie di sessione, che vengono memorizzati esclusivamente per la durata della navigazione fino alla chiusura del browser, e cookie persistenti che vengono salvati nella memoria del dispositivo dell\u2019utente fino alla loro scadenza o cancellazione da parte dell\u2019utente medesimo.<\/p>\n<p><strong>Il nostro sito utilizza i seguenti cookie tecnici:<\/strong><\/p>\n<ul>\n<li>Cookie tecnici o funzionali \u2013 di navigazione o di sessione \u2013 utilizzati per gestire la normale navigazione e l\u2019autenticazione dell\u2019utente;<\/li>\n<li>Cookie tecnici utilizzati per conoscere il modo in cui gli utenti utilizzano il nostro sito web cos\u00ec da poter valutare e migliorare il funzionamento.<\/li>\n<\/ul>\n<p><strong>Cookie di terze parti<\/strong><\/p>\n<p>Potranno essere installati cookie di terze parti \u2013 analitici e di profilazione \u2013 di Google Analytics.<\/p>\n<p>I cookie analitici di terze parti sono impiegati per rilevare informazioni sul comportamento degli utenti sul sito. La rilevazione avviene in forma anonima, al fine di monitorare le prestazioni e migliorare l\u2019usabilit\u00e0 del sito. I cookie di profilazione di terze parti sono utilizzati per creare profili relativi agli utenti, al fine di proporre messaggi pubblicitari in linea con le scelte manifestate dagli utenti medesimi.<\/p>\n<p>L\u2019utilizzo di questi cookie \u00e8 disciplinato dalle regole predisposte dalle terze parti medesime, pertanto, si invitano gli Utenti a prendere visione delle informative privacy e delle indicazioni per gestire o disabilitare i cookie pubblicate nelle seguenti pagine web:<\/p>\n<p><strong>Per cookie di Google Analytics:<\/strong><\/p>\n<ul>\n<li>privacy policy: https:\/\/www.google.com\/intl\/it\/policies\/privacy\/<\/li>\n<li>indicazioni per gestire o disabilitare i cookie: https:\/\/support.google.com\/accounts\/answer\/61416?hl=it<\/li>\n<\/ul>\n","protected":false},"excerpt":{"rendered":"<p>Informativa sul trattamento dei dati personali Vanda Omeopatici s.r.l., con sede in Via Solferino 10 \u00a0\u2013 00044 Frascati (RM), P.IVA 07591281006\u00a0(in seguito, \u2018Titolare\u2019), in qualit\u00e0 di titolare del trattamento, La informa ai sensi dell\u2019art.13D.lgs 30.06.2003 n. 196 (in seguito,\u2019Codice Privacy\u2019) e dell\u2019art 13 Regolamento UE n. 2016\/679 (in seguito \u2018GDPR\u2019) che i Suoi dati saranno [&hellip;]<\/p>\n","protected":false},"author":1,"featured_media":0,"parent":0,"menu_order":0,"comment_status":"open","ping_status":"open","template":"","meta":{"footnotes":""},"categories":[],"tags":[],"class_list":["post-2867","page","type-page","status-publish"],"yoast_head":"<!-- This site is optimized with the Yoast SEO Premium plugin v25.2 (Yoast SEO v26.9) - https:\/\/yoast.com\/product\/yoast-seo-premium-wordpress\/ -->\n<title>Privacy Policy e Cookies - Vanda Integrative Medicine<\/title>\n<meta name=\"robots\" content=\"noindex, nofollow\" \/>\n<meta property=\"og:locale\" content=\"it_IT\" \/>\n<meta property=\"og:type\" content=\"article\" \/>\n<meta property=\"og:title\" content=\"Privacy Policy e Cookies\" \/>\n<meta property=\"og:description\" content=\"Informativa sul trattamento dei dati personali Vanda Omeopatici s.r.l., con sede in Via Solferino 10 \u00a0\u2013 00044 Frascati (RM), P.IVA 07591281006\u00a0(in seguito, \u2018Titolare\u2019), in qualit\u00e0 di titolare del trattamento, La informa ai sensi dell\u2019art.13D.lgs 30.06.2003 n. 196 (in seguito,\u2019Codice Privacy\u2019) e dell\u2019art 13 Regolamento UE n. 2016\/679 (in seguito \u2018GDPR\u2019) che i Suoi dati saranno [&hellip;]\" \/>\n<meta property=\"og:url\" content=\"https:\/\/www.vandaomeopatici.it\/it\/cookie\/\" \/>\n<meta property=\"og:site_name\" content=\"Vanda Integrative Medicine\" \/>\n<meta property=\"article:publisher\" content=\"https:\/\/www.facebook.com\/vandaomeopatici\" \/>\n<meta property=\"article:modified_time\" content=\"2018-05-29T15:31:21+00:00\" \/>\n<meta name=\"twitter:card\" content=\"summary_large_image\" \/>\n<meta name=\"twitter:site\" content=\"@VandaOmeopatici\" \/>\n<meta name=\"twitter:label1\" content=\"Tempo di lettura stimato\" \/>\n\t<meta name=\"twitter:data1\" content=\"9 minuti\" \/>\n<script type=\"application\/ld+json\" class=\"yoast-schema-graph\">{\"@context\":\"https:\/\/schema.org\",\"@graph\":[{\"@type\":\"WebPage\",\"@id\":\"https:\/\/www.vandaomeopatici.it\/it\/cookie\/\",\"url\":\"https:\/\/www.vandaomeopatici.it\/it\/cookie\/\",\"name\":\"Privacy Policy e Cookies - Vanda Integrative Medicine\",\"isPartOf\":{\"@id\":\"https:\/\/www.vandaomeopatici.it\/it\/#website\"},\"datePublished\":\"2015-06-04T22:45:39+00:00\",\"dateModified\":\"2018-05-29T15:31:21+00:00\",\"breadcrumb\":{\"@id\":\"https:\/\/www.vandaomeopatici.it\/it\/cookie\/#breadcrumb\"},\"inLanguage\":\"it-IT\",\"potentialAction\":[{\"@type\":\"ReadAction\",\"target\":[\"https:\/\/www.vandaomeopatici.it\/it\/cookie\/\"]}]},{\"@type\":\"BreadcrumbList\",\"@id\":\"https:\/\/www.vandaomeopatici.it\/it\/cookie\/#breadcrumb\",\"itemListElement\":[{\"@type\":\"ListItem\",\"position\":1,\"name\":\"Home\",\"item\":\"https:\/\/www.vandaomeopatici.it\/it\/\"},{\"@type\":\"ListItem\",\"position\":2,\"name\":\"Privacy Policy e Cookies\"}]},{\"@type\":\"WebSite\",\"@id\":\"https:\/\/www.vandaomeopatici.it\/it\/#website\",\"url\":\"https:\/\/www.vandaomeopatici.it\/it\/\",\"name\":\"Vanda Integrative Medicine\",\"description\":\"\",\"publisher\":{\"@id\":\"https:\/\/www.vandaomeopatici.it\/it\/#organization\"},\"potentialAction\":[{\"@type\":\"SearchAction\",\"target\":{\"@type\":\"EntryPoint\",\"urlTemplate\":\"https:\/\/www.vandaomeopatici.it\/it\/?s={search_term_string}\"},\"query-input\":{\"@type\":\"PropertyValueSpecification\",\"valueRequired\":true,\"valueName\":\"search_term_string\"}}],\"inLanguage\":\"it-IT\"},{\"@type\":\"Organization\",\"@id\":\"https:\/\/www.vandaomeopatici.it\/it\/#organization\",\"name\":\"Vanda Omeopatici\",\"url\":\"https:\/\/www.vandaomeopatici.it\/it\/\",\"logo\":{\"@type\":\"ImageObject\",\"inLanguage\":\"it-IT\",\"@id\":\"https:\/\/www.vandaomeopatici.it\/it\/#\/schema\/logo\/image\/\",\"url\":\"https:\/\/www.vandaomeopatici.it\/it\/wp-content\/uploads\/2015\/04\/logo_vanda_retina.png\",\"contentUrl\":\"https:\/\/www.vandaomeopatici.it\/it\/wp-content\/uploads\/2015\/04\/logo_vanda_retina.png\",\"width\":240,\"height\":240,\"caption\":\"Vanda Omeopatici\"},\"image\":{\"@id\":\"https:\/\/www.vandaomeopatici.it\/it\/#\/schema\/logo\/image\/\"},\"sameAs\":[\"https:\/\/www.facebook.com\/vandaomeopatici\",\"https:\/\/x.com\/VandaOmeopatici\",\"https:\/\/instagram.com\/vanda_omeopatici\/\",\"https:\/\/it.linkedin.com\/company\/vanda-omeopatici\",\"https:\/\/www.pinterest.com\/vandaomeopatici\/\"]}]}<\/script>\n<!-- \/ Yoast SEO Premium plugin. -->","yoast_head_json":{"title":"Privacy Policy e Cookies - Vanda Integrative Medicine","robots":{"index":"noindex","follow":"nofollow"},"og_locale":"it_IT","og_type":"article","og_title":"Privacy Policy e Cookies","og_description":"Informativa sul trattamento dei dati personali Vanda Omeopatici s.r.l., con sede in Via Solferino 10 \u00a0\u2013 00044 Frascati (RM), P.IVA 07591281006\u00a0(in seguito, \u2018Titolare\u2019), in qualit\u00e0 di titolare del trattamento, La informa ai sensi dell\u2019art.13D.lgs 30.06.2003 n. 196 (in seguito,\u2019Codice Privacy\u2019) e dell\u2019art 13 Regolamento UE n. 2016\/679 (in seguito \u2018GDPR\u2019) che i Suoi dati saranno [&hellip;]","og_url":"https:\/\/www.vandaomeopatici.it\/it\/cookie\/","og_site_name":"Vanda Integrative Medicine","article_publisher":"https:\/\/www.facebook.com\/vandaomeopatici","article_modified_time":"2018-05-29T15:31:21+00:00","twitter_card":"summary_large_image","twitter_site":"@VandaOmeopatici","twitter_misc":{"Tempo di lettura stimato":"9 minuti"},"schema":{"@context":"https:\/\/schema.org","@graph":[{"@type":"WebPage","@id":"https:\/\/www.vandaomeopatici.it\/it\/cookie\/","url":"https:\/\/www.vandaomeopatici.it\/it\/cookie\/","name":"Privacy Policy e Cookies - Vanda Integrative Medicine","isPartOf":{"@id":"https:\/\/www.vandaomeopatici.it\/it\/#website"},"datePublished":"2015-06-04T22:45:39+00:00","dateModified":"2018-05-29T15:31:21+00:00","breadcrumb":{"@id":"https:\/\/www.vandaomeopatici.it\/it\/cookie\/#breadcrumb"},"inLanguage":"it-IT","potentialAction":[{"@type":"ReadAction","target":["https:\/\/www.vandaomeopatici.it\/it\/cookie\/"]}]},{"@type":"BreadcrumbList","@id":"https:\/\/www.vandaomeopatici.it\/it\/cookie\/#breadcrumb","itemListElement":[{"@type":"ListItem","position":1,"name":"Home","item":"https:\/\/www.vandaomeopatici.it\/it\/"},{"@type":"ListItem","position":2,"name":"Privacy Policy e Cookies"}]},{"@type":"WebSite","@id":"https:\/\/www.vandaomeopatici.it\/it\/#website","url":"https:\/\/www.vandaomeopatici.it\/it\/","name":"Vanda Integrative Medicine","description":"","publisher":{"@id":"https:\/\/www.vandaomeopatici.it\/it\/#organization"},"potentialAction":[{"@type":"SearchAction","target":{"@type":"EntryPoint","urlTemplate":"https:\/\/www.vandaomeopatici.it\/it\/?s={search_term_string}"},"query-input":{"@type":"PropertyValueSpecification","valueRequired":true,"valueName":"search_term_string"}}],"inLanguage":"it-IT"},{"@type":"Organization","@id":"https:\/\/www.vandaomeopatici.it\/it\/#organization","name":"Vanda Omeopatici","url":"https:\/\/www.vandaomeopatici.it\/it\/","logo":{"@type":"ImageObject","inLanguage":"it-IT","@id":"https:\/\/www.vandaomeopatici.it\/it\/#\/schema\/logo\/image\/","url":"https:\/\/www.vandaomeopatici.it\/it\/wp-content\/uploads\/2015\/04\/logo_vanda_retina.png","contentUrl":"https:\/\/www.vandaomeopatici.it\/it\/wp-content\/uploads\/2015\/04\/logo_vanda_retina.png","width":240,"height":240,"caption":"Vanda Omeopatici"},"image":{"@id":"https:\/\/www.vandaomeopatici.it\/it\/#\/schema\/logo\/image\/"},"sameAs":["https:\/\/www.facebook.com\/vandaomeopatici","https:\/\/x.com\/VandaOmeopatici","https:\/\/instagram.com\/vanda_omeopatici\/","https:\/\/it.linkedin.com\/company\/vanda-omeopatici","https:\/\/www.pinterest.com\/vandaomeopatici\/"]}]}},"_links":{"self":[{"href":"https:\/\/www.vandaomeopatici.it\/it\/wp-json\/wp\/v2\/pages\/2867","targetHints":{"allow":["GET"]}}],"collection":[{"href":"https:\/\/www.vandaomeopatici.it\/it\/wp-json\/wp\/v2\/pages"}],"about":[{"href":"https:\/\/www.vandaomeopatici.it\/it\/wp-json\/wp\/v2\/types\/page"}],"author":[{"embeddable":true,"href":"https:\/\/www.vandaomeopatici.it\/it\/wp-json\/wp\/v2\/users\/1"}],"replies":[{"embeddable":true,"href":"https:\/\/www.vandaomeopatici.it\/it\/wp-json\/wp\/v2\/comments?post=2867"}],"version-history":[{"count":0,"href":"https:\/\/www.vandaomeopatici.it\/it\/wp-json\/wp\/v2\/pages\/2867\/revisions"}],"wp:attachment":[{"href":"https:\/\/www.vandaomeopatici.it\/it\/wp-json\/wp\/v2\/media?parent=2867"}],"wp:term":[{"taxonomy":"category","embeddable":true,"href":"https:\/\/www.vandaomeopatici.it\/it\/wp-json\/wp\/v2\/categories?post=2867"},{"taxonomy":"post_tag","embeddable":true,"href":"https:\/\/www.vandaomeopatici.it\/it\/wp-json\/wp\/v2\/tags?post=2867"}],"curies":[{"name":"wp","href":"https:\/\/api.w.org\/{rel}","templated":true}]}}