{"id":5977,"date":"2017-03-03T17:35:17","date_gmt":"2017-03-03T15:35:17","guid":{"rendered":"http:\/\/www.vandaomeopatici.it\/it\/?page_id=5977"},"modified":"2017-06-20T10:07:30","modified_gmt":"2017-06-20T08:07:30","slug":"omeopatia-per-bambini","status":"publish","type":"page","link":"https:\/\/www.vandaomeopatici.it\/it\/omeopatia-per-bambini\/","title":{"rendered":"Omeopatia Bambini"},"content":{"rendered":"<div id=\"tdi_1\" class=\"tdc-row\"><div class=\"vc_row tdi_2  wpb_row td-pb-row\" >\n<style scoped>\n\/* custom css - generated by TagDiv Composer *\/\n\n\/* custom css - generated by TagDiv Composer *\/\n.tdi_2,\r\n                .tdi_2 .tdc-columns{\r\n                    min-height: 0;\r\n                }.tdi_2,\r\n\t\t\t\t.tdi_2 .tdc-columns{\r\n\t\t\t\t    display: block;\r\n\t\t\t\t}.tdi_2 .tdc-columns{\r\n\t\t\t\t    width: 100%;\r\n\t\t\t\t}.tdi_2:before,\r\n\t\t\t\t.tdi_2:after{\r\n\t\t\t\t    display: table;\r\n\t\t\t\t}\n<\/style><div class=\"vc_column tdi_4  wpb_column vc_column_container tdc-column td-pb-span12\">\n<style scoped>\n\/* custom css - generated by TagDiv Composer *\/\n\n\/* custom css - generated by TagDiv Composer *\/\n.tdi_4{\r\n                    vertical-align: baseline;\r\n                }.tdi_4 > .wpb_wrapper,\r\n\t\t\t\t.tdi_4 > .wpb_wrapper > .tdc-elements{\r\n\t\t\t\t    display: block;\r\n\t\t\t\t}.tdi_4 > .wpb_wrapper > .tdc-elements{\r\n\t\t\t\t    width: 100%;\r\n\t\t\t\t}.tdi_4 > .wpb_wrapper > .vc_row_inner{\r\n\t\t\t\t    width: auto;\r\n\t\t\t\t}.tdi_4 > .wpb_wrapper{\r\n\t\t\t\t    width: auto;\r\n\t\t\t\t    height: auto;\r\n\t\t\t\t}\n<\/style><div class=\"wpb_wrapper\" ><div class=\"wpb_wrapper wpb_text_column td_block_wrap td_block_wrap vc_column_text tdi_5  tagdiv-type td-pb-border-top td_block_template_1\"  data-td-block-uid=\"tdi_5\" >\n<style>\n\/* custom css - generated by TagDiv Composer *\/\n.vc_column_text > .td-element-style{\r\n\t\t\t\t\tz-index: -1;\r\n\t\t\t\t}\n<\/style><div class=\"td-fix-index\"><p><img loading=\"lazy\" decoding=\"async\" class=\"aligncenter wp-image-5915\" src=\"http:\/\/www.vandaomeopatici.it\/it\/wp-content\/uploads\/2017\/03\/omeopatia-bambini-rimedi-tosse.jpg\" alt=\"omeopatia per bambini. i rimedi della tosse.\" width=\"1200\" height=\"801\" srcset=\"https:\/\/www.vandaomeopatici.it\/it\/wp-content\/uploads\/2017\/03\/omeopatia-bambini-rimedi-tosse.jpg 900w, https:\/\/www.vandaomeopatici.it\/it\/wp-content\/uploads\/2017\/03\/omeopatia-bambini-rimedi-tosse-300x200.jpg 300w, https:\/\/www.vandaomeopatici.it\/it\/wp-content\/uploads\/2017\/03\/omeopatia-bambini-rimedi-tosse-768x513.jpg 768w, https:\/\/www.vandaomeopatici.it\/it\/wp-content\/uploads\/2017\/03\/omeopatia-bambini-rimedi-tosse-536x358.jpg 536w, https:\/\/www.vandaomeopatici.it\/it\/wp-content\/uploads\/2017\/03\/omeopatia-bambini-rimedi-tosse-765x510.jpg 765w\" sizes=\"auto, (max-width: 1200px) 100vw, 1200px\" \/><\/p>\n<\/div><\/div>[blog style=&#8221;large&#8221; display=&#8221;category&#8221; category=&#8221;421&#8243; hc_title=&#8221;&#8221; ad_count=&#8221;3&#8243;]<div class=\"wpb_wrapper wpb_text_column td_block_wrap td_block_wrap vc_column_text tdi_6  tagdiv-type td-pb-border-top td_block_template_1\"  data-td-block-uid=\"tdi_6\" ><div class=\"td-fix-index\"><h2 class=\"p1\">Omeopatia Pediatrica<\/h2>\n<p class=\"p1\"><span class=\"s1\">Osservando l&#8217;iter percorso dalla pediatria italiana si nota il grande interesse che suscitano le terapie naturali e il loro utilizzo, <a href=\"http:\/\/www.vandaomeopatici.it\/it\/omeopatia-rapporto-eurispes-2017\/\">sempre pi\u00f9 diffuso<\/a>, per la salute del bambino, fin dai suoi primi giorni di vita. <\/span><span class=\"s1\">Tanta strada \u00e8 stata percorsa dai primi tentativi della medicina popolare fino ad arrivare alle terapie omeopatiche e fitoterapiche che oggi vanno gradatamente a sostituire o integrare, dove e quando \u00e8 possibile, le terapie farmacologiche. <\/span><\/p>\n<p class=\"p1\"><span class=\"s1\">Il bambino \u00e8 l&#8217;interlocutore privilegiato della medicina omeopatica perch\u00e9, in quanto terreno vergine, \u00e8 infatti suscettibile agli esiti migliori.\u00a0<\/span><span class=\"s1\">L&#8217;applicazione dell\u2019<span class=\"s2\">omeopatia<\/span> in ambito pediatrico richiede un&#8217;attenta valutazione preventiva del medico che sapr\u00e0 indicare le situazioni cliniche che possono beneficiare della terapia omeopatica e quali invece sono di esclusiva competenza della medicina ufficiale (allopatica). <\/span><\/p>\n<blockquote>\n<p class=\"p5\"><span class=\"s1\">L&#8217; omeopatia \u00e8 in grado di apportare importanti risultati, sia in senso terapeutico che per la sua azione di stimolo nei confronti dei meccanismi di difesa dell\u2019organismo. <\/span><\/p>\n<\/blockquote>\n<p class=\"p5\"><span class=\"s1\">Le <b>malattie acute dei bambini su cui si pu\u00f2 intervenire con l&#8217;omeopatia<\/b>: le malattie acute benigne del lattante. In questo gruppo rientrano disturbi quali <span class=\"s3\">otiti<\/span>, <span class=\"s3\">rinofaringiti<\/span>, angine, broncopolmoniti ecc. Per queste malattie, nel caso del paziente pediatrico, difficilmente vi \u00e8 un\u2019astensione terapeutica, anche quando il decorso sembra favorevole, in quanto si temono sempre eventuali complicazioni. <\/span><span class=\"s1\">In questi casi l\u2019omeopatia pu\u00f2 risultare utile ed <a href=\"http:\/\/www.vandaomeopatici.it\/it\/studi-omeopatia\/\">efficace<\/a>, agisce in modo attivo ed \u00e8 priva di effetti collaterali e di tossicit\u00e0. Viene usata da sola o in associazione alle terapie allopatiche in relazione alla patologia da affrontare. <\/span><\/p>\n<p class=\"p5\"><span class=\"s1\">Un ambito molto importante nella pediatria in generale e in particolare in quella omeopatica riguarda i disturbi nervosi, caratteriali e psichici del bambino. Tra questi sono inclusi anche i disturbi del sonno. \u00a0<\/span><span class=\"s1\">Un\u2019adeguata terapia, infatti, produce effetti benefici sull\u2019ansia del bambino, anche quella anticipatoria legata ad eventi importanti della sua vita. I rimedi omeopatici agiscono efficacemente, inoltre, nella cura dei tic nervosi. \u00a0<\/span><span class=\"s1\">L\u2019utilizzo dei <b>sedativi omeopatici <\/b>\u00e8 indicato soprattutto per l\u2019assenza di effetti secondari sui piccoli pazienti, ci\u00f2 che avviene invece con la terapia classica. <\/span><\/p>\n<p class=\"p5\"><span class=\"s1\">L\u2019omeopatia ha un altro importante ruolo in ambito pediatrico: viene utilizzata spesso per quelle malattie definite costituzionali, cio\u00e8 derivate da una particolare facilit\u00e0 del bambino a contrarre malattie infettive come otiti, faringiti, tonsilliti, bronchiti ecc. Questi sono i casi in cui spesso la medicina allopatica si rivela inutile perch\u00e9 agisce su un sistema immunitario molto compromesso. La terapia omeopatica utilizzata \u00e8 quella del terreno (l&#8217;aspetto, temperamentale, costituzionale e diatesico dell&#8217;individuo). Questo tipo di terapia risulta la pi\u00f9 efficace soprattutto in ambito pediatrico ed \u00e8 utilizzata anche per quelle patologie a base ereditaria come l\u2019<span class=\"s3\">asma<\/span>, le <a href=\"http:\/\/www.vandaomeopatici.it\/it\/omeopatia-allergia\/\"><span class=\"s3\">allergie<\/span><\/a>, l\u2019<span class=\"s3\">eczema<\/span>. <\/span><\/p>\n<p class=\"p5\"><span class=\"s1\">L\u2019omeopatia ha un ruolo importante come terapia di <a href=\"http:\/\/www.vandaomeopatici.it\/it\/rinforzo-delle-difese-immunitarie\/\">prevenzione<\/a>: il bambino curato omeopaticamente diventa pi\u00f9 resistente alle infezioni e meno vulnerabile nei confronti dei mali di stagione.\u00a0<\/span><span class=\"s1\">L\u2019utilizzo dell\u2019omeopatia in pediatria \u00e8 consigliato soprattutto per l\u2019assenza di effetti collaterali o controindicazioni. Una volta analizzato il singolo caso, le modalit\u00e0 d\u2019applicazione non sono diverse per il bambino e per l\u2019adulto. La differenza \u00e8 che il bambino \u00e8 molto pi\u00f9 reattivo ed immediato nei confronti del rimedio.\u00a0<\/span><\/p>\n<ul>\n<li class=\"p5\">Per approfondire: <a href=\"http:\/\/www.vandaomeopatici.it\/it\/omeopatia-principio-similitudine\/\">&#8220;Che cos&#8217;\u00e8 una malattia? Il principio di similitudine in omeopatia&#8221;<\/a>.<\/li>\n<\/ul>\n<\/div><\/div><\/div><\/div><\/div><\/div><div id=\"tdi_7\" class=\"tdc-row\"><div class=\"vc_row tdi_8  wpb_row td-pb-row\" >\n<style scoped>\n\/* custom css - generated by TagDiv Composer *\/\n\n\/* custom css - generated by TagDiv Composer *\/\n.tdi_8,\r\n                .tdi_8 .tdc-columns{\r\n                    min-height: 0;\r\n                }.tdi_8,\r\n\t\t\t\t.tdi_8 .tdc-columns{\r\n\t\t\t\t    display: block;\r\n\t\t\t\t}.tdi_8 .tdc-columns{\r\n\t\t\t\t    width: 100%;\r\n\t\t\t\t}.tdi_8:before,\r\n\t\t\t\t.tdi_8:after{\r\n\t\t\t\t    display: table;\r\n\t\t\t\t}\n<\/style><div class=\"vc_column tdi_10  wpb_column vc_column_container tdc-column td-pb-span12\">\n<style scoped>\n\/* custom css - generated by TagDiv Composer *\/\n\n\/* custom css - generated by TagDiv Composer *\/\n.tdi_10{\r\n                    vertical-align: baseline;\r\n                }.tdi_10 > .wpb_wrapper,\r\n\t\t\t\t.tdi_10 > .wpb_wrapper > .tdc-elements{\r\n\t\t\t\t    display: block;\r\n\t\t\t\t}.tdi_10 > .wpb_wrapper > .tdc-elements{\r\n\t\t\t\t    width: 100%;\r\n\t\t\t\t}.tdi_10 > .wpb_wrapper > .vc_row_inner{\r\n\t\t\t\t    width: auto;\r\n\t\t\t\t}.tdi_10 > .wpb_wrapper{\r\n\t\t\t\t    width: auto;\r\n\t\t\t\t    height: auto;\r\n\t\t\t\t}\n<\/style><div class=\"wpb_wrapper\" ><\/div><\/div><\/div><\/div>","protected":false},"excerpt":{"rendered":"","protected":false},"author":5,"featured_media":5915,"parent":0,"menu_order":0,"comment_status":"closed","ping_status":"closed","template":"","meta":{"footnotes":""},"categories":[],"tags":[],"class_list":["post-5977","page","type-page","status-publish","has-post-thumbnail"],"yoast_head":"<!-- This site is optimized with the Yoast SEO Premium plugin v25.2 (Yoast SEO v26.9) - https:\/\/yoast.com\/product\/yoast-seo-premium-wordpress\/ -->\n<title>Omeopatia per i bambini. Come rinforzare il sistema immunitario dei bambini con l&#039;omeopatia<\/title>\n<meta name=\"description\" content=\"Omeopatia per bambini. problemi dei bambini per cui usare l&#039;omeopatia. i rimedi omeopatici per la cura dei bambini. omeopatia e bambini, quali sono i rimedi\" \/>\n<meta name=\"robots\" content=\"index, follow, max-snippet:-1, max-image-preview:large, max-video-preview:-1\" \/>\n<link rel=\"canonical\" href=\"https:\/\/www.vandaomeopatici.it\/it\/omeopatia-per-bambini\/\" \/>\n<meta property=\"og:locale\" content=\"it_IT\" \/>\n<meta property=\"og:type\" content=\"article\" \/>\n<meta property=\"og:title\" content=\"Omeopatia Bambini\" \/>\n<meta property=\"og:description\" content=\"Omeopatia per bambini. problemi dei bambini per cui usare l&#039;omeopatia. i rimedi omeopatici per la cura dei bambini. omeopatia e bambini, quali sono i rimedi\" \/>\n<meta property=\"og:url\" content=\"https:\/\/www.vandaomeopatici.it\/it\/omeopatia-per-bambini\/\" \/>\n<meta property=\"og:site_name\" content=\"Vanda Integrative Medicine\" \/>\n<meta property=\"article:publisher\" content=\"https:\/\/www.facebook.com\/vandaomeopatici\" \/>\n<meta property=\"article:modified_time\" content=\"2017-06-20T08:07:30+00:00\" \/>\n<meta property=\"og:image\" content=\"https:\/\/www.vandaomeopatici.it\/it\/wp-content\/uploads\/2017\/03\/omeopatia-bambini-rimedi-tosse.jpg\" \/>\n\t<meta property=\"og:image:width\" content=\"900\" \/>\n\t<meta property=\"og:image:height\" content=\"601\" \/>\n\t<meta property=\"og:image:type\" content=\"image\/jpeg\" \/>\n<meta name=\"twitter:card\" content=\"summary_large_image\" \/>\n<meta name=\"twitter:site\" content=\"@VandaOmeopatici\" \/>\n<meta name=\"twitter:label1\" content=\"Tempo di lettura stimato\" \/>\n\t<meta name=\"twitter:data1\" content=\"3 minuti\" \/>\n<script type=\"application\/ld+json\" class=\"yoast-schema-graph\">{\"@context\":\"https:\/\/schema.org\",\"@graph\":[{\"@type\":\"WebPage\",\"@id\":\"https:\/\/www.vandaomeopatici.it\/it\/omeopatia-per-bambini\/\",\"url\":\"https:\/\/www.vandaomeopatici.it\/it\/omeopatia-per-bambini\/\",\"name\":\"Omeopatia per i bambini. Come rinforzare il sistema immunitario dei bambini con l'omeopatia\",\"isPartOf\":{\"@id\":\"https:\/\/www.vandaomeopatici.it\/it\/#website\"},\"primaryImageOfPage\":{\"@id\":\"https:\/\/www.vandaomeopatici.it\/it\/omeopatia-per-bambini\/#primaryimage\"},\"image\":{\"@id\":\"https:\/\/www.vandaomeopatici.it\/it\/omeopatia-per-bambini\/#primaryimage\"},\"thumbnailUrl\":\"https:\/\/www.vandaomeopatici.it\/it\/wp-content\/uploads\/2017\/03\/omeopatia-bambini-rimedi-tosse.jpg\",\"datePublished\":\"2017-03-03T15:35:17+00:00\",\"dateModified\":\"2017-06-20T08:07:30+00:00\",\"description\":\"Omeopatia per bambini. problemi dei bambini per cui usare l'omeopatia. i rimedi omeopatici per la cura dei bambini. omeopatia e bambini, quali sono i rimedi\",\"breadcrumb\":{\"@id\":\"https:\/\/www.vandaomeopatici.it\/it\/omeopatia-per-bambini\/#breadcrumb\"},\"inLanguage\":\"it-IT\",\"potentialAction\":[{\"@type\":\"ReadAction\",\"target\":[\"https:\/\/www.vandaomeopatici.it\/it\/omeopatia-per-bambini\/\"]}]},{\"@type\":\"ImageObject\",\"inLanguage\":\"it-IT\",\"@id\":\"https:\/\/www.vandaomeopatici.it\/it\/omeopatia-per-bambini\/#primaryimage\",\"url\":\"https:\/\/www.vandaomeopatici.it\/it\/wp-content\/uploads\/2017\/03\/omeopatia-bambini-rimedi-tosse.jpg\",\"contentUrl\":\"https:\/\/www.vandaomeopatici.it\/it\/wp-content\/uploads\/2017\/03\/omeopatia-bambini-rimedi-tosse.jpg\",\"width\":900,\"height\":601,\"caption\":\"omeopatia per bambini. i rimedi della tosse.\"},{\"@type\":\"BreadcrumbList\",\"@id\":\"https:\/\/www.vandaomeopatici.it\/it\/omeopatia-per-bambini\/#breadcrumb\",\"itemListElement\":[{\"@type\":\"ListItem\",\"position\":1,\"name\":\"Home\",\"item\":\"https:\/\/www.vandaomeopatici.it\/it\/\"},{\"@type\":\"ListItem\",\"position\":2,\"name\":\"Omeopatia Bambini\"}]},{\"@type\":\"WebSite\",\"@id\":\"https:\/\/www.vandaomeopatici.it\/it\/#website\",\"url\":\"https:\/\/www.vandaomeopatici.it\/it\/\",\"name\":\"Vanda Integrative Medicine\",\"description\":\"\",\"publisher\":{\"@id\":\"https:\/\/www.vandaomeopatici.it\/it\/#organization\"},\"potentialAction\":[{\"@type\":\"SearchAction\",\"target\":{\"@type\":\"EntryPoint\",\"urlTemplate\":\"https:\/\/www.vandaomeopatici.it\/it\/?s={search_term_string}\"},\"query-input\":{\"@type\":\"PropertyValueSpecification\",\"valueRequired\":true,\"valueName\":\"search_term_string\"}}],\"inLanguage\":\"it-IT\"},{\"@type\":\"Organization\",\"@id\":\"https:\/\/www.vandaomeopatici.it\/it\/#organization\",\"name\":\"Vanda Omeopatici\",\"url\":\"https:\/\/www.vandaomeopatici.it\/it\/\",\"logo\":{\"@type\":\"ImageObject\",\"inLanguage\":\"it-IT\",\"@id\":\"https:\/\/www.vandaomeopatici.it\/it\/#\/schema\/logo\/image\/\",\"url\":\"https:\/\/www.vandaomeopatici.it\/it\/wp-content\/uploads\/2015\/04\/logo_vanda_retina.png\",\"contentUrl\":\"https:\/\/www.vandaomeopatici.it\/it\/wp-content\/uploads\/2015\/04\/logo_vanda_retina.png\",\"width\":240,\"height\":240,\"caption\":\"Vanda Omeopatici\"},\"image\":{\"@id\":\"https:\/\/www.vandaomeopatici.it\/it\/#\/schema\/logo\/image\/\"},\"sameAs\":[\"https:\/\/www.facebook.com\/vandaomeopatici\",\"https:\/\/x.com\/VandaOmeopatici\",\"https:\/\/instagram.com\/vanda_omeopatici\/\",\"https:\/\/it.linkedin.com\/company\/vanda-omeopatici\",\"https:\/\/www.pinterest.com\/vandaomeopatici\/\"]}]}<\/script>\n<!-- \/ Yoast SEO Premium plugin. -->","yoast_head_json":{"title":"Omeopatia per i bambini. Come rinforzare il sistema immunitario dei bambini con l'omeopatia","description":"Omeopatia per bambini. problemi dei bambini per cui usare l'omeopatia. i rimedi omeopatici per la cura dei bambini. omeopatia e bambini, quali sono i rimedi","robots":{"index":"index","follow":"follow","max-snippet":"max-snippet:-1","max-image-preview":"max-image-preview:large","max-video-preview":"max-video-preview:-1"},"canonical":"https:\/\/www.vandaomeopatici.it\/it\/omeopatia-per-bambini\/","og_locale":"it_IT","og_type":"article","og_title":"Omeopatia Bambini","og_description":"Omeopatia per bambini. problemi dei bambini per cui usare l'omeopatia. i rimedi omeopatici per la cura dei bambini. omeopatia e bambini, quali sono i rimedi","og_url":"https:\/\/www.vandaomeopatici.it\/it\/omeopatia-per-bambini\/","og_site_name":"Vanda Integrative Medicine","article_publisher":"https:\/\/www.facebook.com\/vandaomeopatici","article_modified_time":"2017-06-20T08:07:30+00:00","og_image":[{"width":900,"height":601,"url":"https:\/\/www.vandaomeopatici.it\/it\/wp-content\/uploads\/2017\/03\/omeopatia-bambini-rimedi-tosse.jpg","type":"image\/jpeg"}],"twitter_card":"summary_large_image","twitter_site":"@VandaOmeopatici","twitter_misc":{"Tempo di lettura stimato":"3 minuti"},"schema":{"@context":"https:\/\/schema.org","@graph":[{"@type":"WebPage","@id":"https:\/\/www.vandaomeopatici.it\/it\/omeopatia-per-bambini\/","url":"https:\/\/www.vandaomeopatici.it\/it\/omeopatia-per-bambini\/","name":"Omeopatia per i bambini. Come rinforzare il sistema immunitario dei bambini con l'omeopatia","isPartOf":{"@id":"https:\/\/www.vandaomeopatici.it\/it\/#website"},"primaryImageOfPage":{"@id":"https:\/\/www.vandaomeopatici.it\/it\/omeopatia-per-bambini\/#primaryimage"},"image":{"@id":"https:\/\/www.vandaomeopatici.it\/it\/omeopatia-per-bambini\/#primaryimage"},"thumbnailUrl":"https:\/\/www.vandaomeopatici.it\/it\/wp-content\/uploads\/2017\/03\/omeopatia-bambini-rimedi-tosse.jpg","datePublished":"2017-03-03T15:35:17+00:00","dateModified":"2017-06-20T08:07:30+00:00","description":"Omeopatia per bambini. problemi dei bambini per cui usare l'omeopatia. i rimedi omeopatici per la cura dei bambini. omeopatia e bambini, quali sono i rimedi","breadcrumb":{"@id":"https:\/\/www.vandaomeopatici.it\/it\/omeopatia-per-bambini\/#breadcrumb"},"inLanguage":"it-IT","potentialAction":[{"@type":"ReadAction","target":["https:\/\/www.vandaomeopatici.it\/it\/omeopatia-per-bambini\/"]}]},{"@type":"ImageObject","inLanguage":"it-IT","@id":"https:\/\/www.vandaomeopatici.it\/it\/omeopatia-per-bambini\/#primaryimage","url":"https:\/\/www.vandaomeopatici.it\/it\/wp-content\/uploads\/2017\/03\/omeopatia-bambini-rimedi-tosse.jpg","contentUrl":"https:\/\/www.vandaomeopatici.it\/it\/wp-content\/uploads\/2017\/03\/omeopatia-bambini-rimedi-tosse.jpg","width":900,"height":601,"caption":"omeopatia per bambini. i rimedi della tosse."},{"@type":"BreadcrumbList","@id":"https:\/\/www.vandaomeopatici.it\/it\/omeopatia-per-bambini\/#breadcrumb","itemListElement":[{"@type":"ListItem","position":1,"name":"Home","item":"https:\/\/www.vandaomeopatici.it\/it\/"},{"@type":"ListItem","position":2,"name":"Omeopatia Bambini"}]},{"@type":"WebSite","@id":"https:\/\/www.vandaomeopatici.it\/it\/#website","url":"https:\/\/www.vandaomeopatici.it\/it\/","name":"Vanda Integrative Medicine","description":"","publisher":{"@id":"https:\/\/www.vandaomeopatici.it\/it\/#organization"},"potentialAction":[{"@type":"SearchAction","target":{"@type":"EntryPoint","urlTemplate":"https:\/\/www.vandaomeopatici.it\/it\/?s={search_term_string}"},"query-input":{"@type":"PropertyValueSpecification","valueRequired":true,"valueName":"search_term_string"}}],"inLanguage":"it-IT"},{"@type":"Organization","@id":"https:\/\/www.vandaomeopatici.it\/it\/#organization","name":"Vanda Omeopatici","url":"https:\/\/www.vandaomeopatici.it\/it\/","logo":{"@type":"ImageObject","inLanguage":"it-IT","@id":"https:\/\/www.vandaomeopatici.it\/it\/#\/schema\/logo\/image\/","url":"https:\/\/www.vandaomeopatici.it\/it\/wp-content\/uploads\/2015\/04\/logo_vanda_retina.png","contentUrl":"https:\/\/www.vandaomeopatici.it\/it\/wp-content\/uploads\/2015\/04\/logo_vanda_retina.png","width":240,"height":240,"caption":"Vanda Omeopatici"},"image":{"@id":"https:\/\/www.vandaomeopatici.it\/it\/#\/schema\/logo\/image\/"},"sameAs":["https:\/\/www.facebook.com\/vandaomeopatici","https:\/\/x.com\/VandaOmeopatici","https:\/\/instagram.com\/vanda_omeopatici\/","https:\/\/it.linkedin.com\/company\/vanda-omeopatici","https:\/\/www.pinterest.com\/vandaomeopatici\/"]}]}},"_links":{"self":[{"href":"https:\/\/www.vandaomeopatici.it\/it\/wp-json\/wp\/v2\/pages\/5977","targetHints":{"allow":["GET"]}}],"collection":[{"href":"https:\/\/www.vandaomeopatici.it\/it\/wp-json\/wp\/v2\/pages"}],"about":[{"href":"https:\/\/www.vandaomeopatici.it\/it\/wp-json\/wp\/v2\/types\/page"}],"author":[{"embeddable":true,"href":"https:\/\/www.vandaomeopatici.it\/it\/wp-json\/wp\/v2\/users\/5"}],"replies":[{"embeddable":true,"href":"https:\/\/www.vandaomeopatici.it\/it\/wp-json\/wp\/v2\/comments?post=5977"}],"version-history":[{"count":0,"href":"https:\/\/www.vandaomeopatici.it\/it\/wp-json\/wp\/v2\/pages\/5977\/revisions"}],"wp:featuredmedia":[{"embeddable":true,"href":"https:\/\/www.vandaomeopatici.it\/it\/wp-json\/wp\/v2\/media\/5915"}],"wp:attachment":[{"href":"https:\/\/www.vandaomeopatici.it\/it\/wp-json\/wp\/v2\/media?parent=5977"}],"wp:term":[{"taxonomy":"category","embeddable":true,"href":"https:\/\/www.vandaomeopatici.it\/it\/wp-json\/wp\/v2\/categories?post=5977"},{"taxonomy":"post_tag","embeddable":true,"href":"https:\/\/www.vandaomeopatici.it\/it\/wp-json\/wp\/v2\/tags?post=5977"}],"curies":[{"name":"wp","href":"https:\/\/api.w.org\/{rel}","templated":true}]}}